{"id":6,"date":"2016-08-24T22:02:14","date_gmt":"2016-08-24T21:02:14","guid":{"rendered":"http:\/\/ttt.auto-beer.at\/?page_id=6"},"modified":"2016-08-25T09:42:54","modified_gmt":"2016-08-25T08:42:54","slug":"test1","status":"publish","type":"page","link":"http:\/\/www.auto-beer.at\/?page_id=6","title":{"rendered":"Vermittlung"},"content":{"rendered":"<h1>Kostenloser (!!!)<br \/>\nVermittlungsverkauf<\/h1>\n<p><span style=\"font-family: Arial, Helvetica, sans-serif; font-size: x-large;\"><b>Sind Sie Ihres Autos \u00fcberdr\u00fcssig?<br \/>\nOder ben\u00f6tigen Sie dringend Geld?<\/b><\/span><\/p>\n<p><b><span style=\"font-family: Arial, Helvetica, sans-serif; font-size: xx-large;\">Verkaufen Sie Ihr Auto \u00fcber uns!<\/span><\/b><\/p>\n<p><b><span style=\"font-family: Arial, Helvetica, sans-serif; font-size: x-large;\">Wir vermitteln Ihren Verkauf gerne, seri\u00f6s und<br \/>\n<u>ohne einen Euro Standgeb\u00fchr<\/u>!<\/span><\/b><\/p>\n<p><b><span style=\"font-family: Arial, Helvetica, sans-serif; font-size: x-large;\"><i>Ihre Zufriedenheit liegt uns am Herzen.<\/i><\/span><\/b><\/p>\n<p><span style=\"font-family: Arial, Helvetica, sans-serif; font-size: x-large;\"><b>Kontaktieren Sie uns einfach \u00fcber unsere Hotline:<\/b><\/span><\/p>\n<p><b><span style=\"font-family: Arial, Helvetica, sans-serif; font-size: 300%;\">0676 \/ 7222000<\/span><\/b><\/p>\n<p><b><span style=\"font-family: Arial, Helvetica, sans-serif; font-size: x-large;\"><\/p>\n<p><b><span style=\"font-family: Arial, Helvetica, sans-serif; font-size: x-large;\">Wir sind stets um Sie bem\u00fcht.<\/span><\/b><\/p>\n","protected":false},"excerpt":{"rendered":"<p>Kostenloser (!!!) Vermittlungsverkauf Sind Sie Ihres Autos \u00fcberdr\u00fcssig? Oder ben\u00f6tigen Sie dringend Geld? Verkaufen Sie Ihr Auto \u00fcber uns! Wir vermitteln Ihren Verkauf gerne, seri\u00f6s und ohne einen Euro Standgeb\u00fchr! Ihre Zufriedenheit liegt uns am Herzen. Kontaktieren Sie uns einfach \u00fcber unsere Hotline: 0676 \/ 7222000 Wir sind stets um Sie bem\u00fcht.<\/p>\n","protected":false},"author":1,"featured_media":0,"parent":0,"menu_order":0,"comment_status":"closed","ping_status":"closed","template":"","meta":[],"_links":{"self":[{"href":"http:\/\/www.auto-beer.at\/index.php?rest_route=\/wp\/v2\/pages\/6"}],"collection":[{"href":"http:\/\/www.auto-beer.at\/index.php?rest_route=\/wp\/v2\/pages"}],"about":[{"href":"http:\/\/www.auto-beer.at\/index.php?rest_route=\/wp\/v2\/types\/page"}],"author":[{"embeddable":true,"href":"http:\/\/www.auto-beer.at\/index.php?rest_route=\/wp\/v2\/users\/1"}],"replies":[{"embeddable":true,"href":"http:\/\/www.auto-beer.at\/index.php?rest_route=%2Fwp%2Fv2%2Fcomments&post=6"}],"version-history":[{"count":4,"href":"http:\/\/www.auto-beer.at\/index.php?rest_route=\/wp\/v2\/pages\/6\/revisions"}],"predecessor-version":[{"id":26,"href":"http:\/\/www.auto-beer.at\/index.php?rest_route=\/wp\/v2\/pages\/6\/revisions\/26"}],"wp:attachment":[{"href":"http:\/\/www.auto-beer.at\/index.php?rest_route=%2Fwp%2Fv2%2Fmedia&parent=6"}],"curies":[{"name":"wp","href":"https:\/\/api.w.org\/{rel}","templated":true}]}}